{"id":1168,"date":"2020-08-03T20:43:52","date_gmt":"2020-08-03T18:43:52","guid":{"rendered":"https:\/\/www.locationvacances17.fr\/WP\/?page_id=1168"},"modified":"2020-09-24T10:57:22","modified_gmt":"2020-09-24T08:57:22","slug":"mesures-covid-19","status":"publish","type":"page","link":"https:\/\/www.locationvacances17.fr\/WP\/mesures-covid-19\/","title":{"rendered":"Information COVID 19"},"content":{"rendered":"<div id=\"pl-1168\"  class=\"panel-layout\" ><div id=\"pg-1168-0\"  class=\"panel-grid panel-no-style\" ><div id=\"pgc-1168-0-0\"  class=\"panel-grid-cell\" ><div id=\"panel-1168-0-0-0\" class=\"so-panel widget widget_media_image panel-first-child panel-last-child\" data-index=\"0\" ><img loading=\"lazy\" decoding=\"async\" width=\"1601\" height=\"911\" src=\"https:\/\/www.locationvacances17.fr\/WP\/wp-content\/uploads\/2020\/08\/ANTI_COVID-CABINET.jpg\" class=\"image wp-image-1170  attachment-full size-full\" alt=\"\" style=\"max-width: 100%; height: auto;\" srcset=\"https:\/\/www.locationvacances17.fr\/WP\/wp-content\/uploads\/2020\/08\/ANTI_COVID-CABINET.jpg 1601w, https:\/\/www.locationvacances17.fr\/WP\/wp-content\/uploads\/2020\/08\/ANTI_COVID-CABINET-300x171.jpg 300w, https:\/\/www.locationvacances17.fr\/WP\/wp-content\/uploads\/2020\/08\/ANTI_COVID-CABINET-1024x583.jpg 1024w, https:\/\/www.locationvacances17.fr\/WP\/wp-content\/uploads\/2020\/08\/ANTI_COVID-CABINET-768x437.jpg 768w, https:\/\/www.locationvacances17.fr\/WP\/wp-content\/uploads\/2020\/08\/ANTI_COVID-CABINET-1536x874.jpg 1536w\" sizes=\"auto, (max-width: 1601px) 100vw, 1601px\" \/><\/div><\/div><\/div><div id=\"pg-1168-1\"  class=\"panel-grid panel-no-style\" ><div id=\"pgc-1168-1-0\"  class=\"panel-grid-cell\" ><div id=\"panel-1168-1-0-0\" class=\"so-panel widget widget_sow-editor panel-first-child panel-last-child\" data-index=\"1\" ><div\n\t\t\t\n\t\t\tclass=\"so-widget-sow-editor so-widget-sow-editor-base\"\n\t\t\t\n\t\t><h3 class=\"widget-title\">Les mesures prises par CasaModernista<\/h3>\n<div class=\"siteorigin-widget-tinymce textwidget\">\n\t<p>\u2022 La dur\u00e9e minimale de s\u00e9jours passe \u00e0 7 nuits.<\/p>\n<p>\u2022 Les gestes barri\u00e8re et le port du masque sont respect\u00e9s, tant que ces mesures seront en vigueur.<\/p>\n<p>\u2022 Les mesures sanitaires de d\u00e9contamination sont r\u00e9alis\u00e9es par nos soins sur toutes les surfaces de contact (interrupteurs, t\u00e9l\u00e9commandes, poign\u00e9es de portes, etc.)<\/p>\n<p>\u2022 Il sera demand\u00e9 au partant, de commencer \u00e0 a\u00e9rer le logement 1h avant sa sortie, de mettre toute la vaisselle dans le lave-vaisselle et de le faire tourner sans le vider.<\/p>\n<p>\u2022 Si un d\u00e9lai de non occupation de 3 jours n'a pu \u00eatre respect\u00e9 : les oreillers, le prot\u00e8ge matelas et la couette seront chang\u00e9s ; les bibelots et autres livres seront retir\u00e9s et mis en quarantaine dans une bo\u00eete que vous pourrez ouvrir \u00e0 l\u2019issue du 3e jour (d\u00e9lais de s\u00e9curit\u00e9 pour une non persistance du virus).<\/p>\n<p style=\"text-align: right;\">Prenez soin de vous<\/p>\n<\/div>\n<\/div><\/div><\/div><div id=\"pgc-1168-1-1\"  class=\"panel-grid-cell\" ><div id=\"panel-1168-1-1-0\" class=\"so-panel widget widget_sow-button panel-first-child panel-last-child\" data-index=\"2\" ><div\n\t\t\t\n\t\t\tclass=\"so-widget-sow-button so-widget-sow-button-flat-13c763364956-1168\"\n\t\t\t\n\t\t><div class=\"ow-button-base ow-button-align-right\"\n>\n\t\t\t<a\n\t\t\t\tclass=\"sowb-button ow-icon-placement-left ow-button-hover\" id=\"stopcovid\" onclick=\"\"\t>\n\t\t<span>\n\t\t\t<span class=\"sow-icon-fontawesome sow-far\" data-sow-icon=\"&#xf274;\"\n\t\tstyle=\"color: #ffffff\" \n\t\taria-hidden=\"true\"><\/span>\n\t\t\tOK c'est not\u00e9... \t\t<\/span>\n\t\t\t<\/a>\n\t<\/div>\n<\/div><\/div><\/div><\/div><div id=\"pg-1168-2\"  class=\"panel-grid panel-no-style\" ><div id=\"pgc-1168-2-0\"  class=\"panel-grid-cell\" ><div id=\"panel-1168-2-0-0\" class=\"so-panel widget widget_sow-editor panel-first-child panel-last-child\" data-index=\"3\" ><div\n\t\t\t\n\t\t\tclass=\"so-widget-sow-editor so-widget-sow-editor-base\"\n\t\t\t\n\t\t>\n<div class=\"siteorigin-widget-tinymce textwidget\">\n\t<hr \/>\n<p>&nbsp;<\/p>\n<\/div>\n<\/div><\/div><\/div><\/div><\/div>","protected":false},"excerpt":{"rendered":"<p>\u2022 La dur\u00e9e minimale de s\u00e9jours passe \u00e0 7 nuits. \u2022 Les gestes barri\u00e8re et le port du masque sont respect\u00e9s, tant que ces mesures seront en vigueur. \u2022 Les mesures sanitaires de d\u00e9contamination sont r\u00e9alis\u00e9es par nos soins sur toutes les surfaces de contact (interrupteurs, t\u00e9l\u00e9commandes, poign\u00e9es de portes, etc.) \u2022 Il sera demand\u00e9 au partant, [&hellip;]<\/p>\n","protected":false},"author":1,"featured_media":0,"parent":0,"menu_order":0,"comment_status":"closed","ping_status":"closed","template":"","meta":{"inline_featured_image":false,"footnotes":""},"class_list":["post-1168","page","type-page","status-publish","hentry","post"],"_links":{"self":[{"href":"https:\/\/www.locationvacances17.fr\/WP\/wp-json\/wp\/v2\/pages\/1168","targetHints":{"allow":["GET"]}}],"collection":[{"href":"https:\/\/www.locationvacances17.fr\/WP\/wp-json\/wp\/v2\/pages"}],"about":[{"href":"https:\/\/www.locationvacances17.fr\/WP\/wp-json\/wp\/v2\/types\/page"}],"author":[{"embeddable":true,"href":"https:\/\/www.locationvacances17.fr\/WP\/wp-json\/wp\/v2\/users\/1"}],"replies":[{"embeddable":true,"href":"https:\/\/www.locationvacances17.fr\/WP\/wp-json\/wp\/v2\/comments?post=1168"}],"version-history":[{"count":5,"href":"https:\/\/www.locationvacances17.fr\/WP\/wp-json\/wp\/v2\/pages\/1168\/revisions"}],"predecessor-version":[{"id":1245,"href":"https:\/\/www.locationvacances17.fr\/WP\/wp-json\/wp\/v2\/pages\/1168\/revisions\/1245"}],"wp:attachment":[{"href":"https:\/\/www.locationvacances17.fr\/WP\/wp-json\/wp\/v2\/media?parent=1168"}],"curies":[{"name":"wp","href":"https:\/\/api.w.org\/{rel}","templated":true}]}}