{"id":1432,"date":"2024-10-16T19:27:41","date_gmt":"2024-10-16T17:27:41","guid":{"rendered":"https:\/\/www.locationvacances17.fr\/WP\/?page_id=1432"},"modified":"2026-01-07T20:40:40","modified_gmt":"2026-01-07T19:40:40","slug":"xanadu-maison80rochefort","status":"publish","type":"page","link":"https:\/\/www.locationvacances17.fr\/WP\/xanadu-maison80rochefort\/","title":{"rendered":"Xanadu &#8211; Maison Design 80"},"content":{"rendered":"\n<div class=\"wp-block-cover is-light wp-duotone-unset-1\" style=\"min-height:350px;aspect-ratio:unset;\"><img loading=\"lazy\" decoding=\"async\" width=\"300\" height=\"226\" class=\"wp-block-cover__image-background wp-image-2144 size-medium\" alt=\"\" src=\"https:\/\/www.locationvacances17.fr\/WP\/wp-content\/uploads\/2025\/07\/PXL_20250707_144242144-300x226.jpg\" data-object-fit=\"cover\" srcset=\"https:\/\/www.locationvacances17.fr\/WP\/wp-content\/uploads\/2025\/07\/PXL_20250707_144242144-300x226.jpg 300w, https:\/\/www.locationvacances17.fr\/WP\/wp-content\/uploads\/2025\/07\/PXL_20250707_144242144-1024x771.jpg 1024w, https:\/\/www.locationvacances17.fr\/WP\/wp-content\/uploads\/2025\/07\/PXL_20250707_144242144-768x578.jpg 768w, https:\/\/www.locationvacances17.fr\/WP\/wp-content\/uploads\/2025\/07\/PXL_20250707_144242144-1536x1157.jpg 1536w, https:\/\/www.locationvacances17.fr\/WP\/wp-content\/uploads\/2025\/07\/PXL_20250707_144242144-2048x1542.jpg 2048w\" sizes=\"auto, (max-width: 300px) 100vw, 300px\" \/><span aria-hidden=\"true\" class=\"wp-block-cover__background has-white-background-color has-background-dim-0 has-background-dim\"><\/span><div class=\"wp-block-cover__inner-container is-layout-constrained wp-block-cover-is-layout-constrained\"><div class=\"wp-block-image is-style-default\">\n<figure class=\"aligncenter size-full is-resized\"><a href=\"https:\/\/xanadu.revoila.fr\/\"><img loading=\"lazy\" decoding=\"async\" width=\"400\" height=\"400\" src=\"https:\/\/www.locationvacances17.fr\/WP\/wp-content\/uploads\/2025\/02\/LOGO-3ETOILES.png\" alt=\"\" class=\"wp-image-1976\" style=\"width:137px;height:auto\" srcset=\"https:\/\/www.locationvacances17.fr\/WP\/wp-content\/uploads\/2025\/02\/LOGO-3ETOILES.png 400w, https:\/\/www.locationvacances17.fr\/WP\/wp-content\/uploads\/2025\/02\/LOGO-3ETOILES-300x300.png 300w, https:\/\/www.locationvacances17.fr\/WP\/wp-content\/uploads\/2025\/02\/LOGO-3ETOILES-150x150.png 150w\" sizes=\"auto, (max-width: 400px) 100vw, 400px\" \/><\/a><\/figure>\n<\/div><\/div><\/div>\n\n\n\n<div class=\"wp-block-media-text is-stacked-on-mobile is-image-fill-element has-vivid-cyan-blue-background-color has-background\" style=\"grid-template-columns:45% auto\"><figure class=\"wp-block-media-text__media\"><img loading=\"lazy\" decoding=\"async\" width=\"1024\" height=\"576\" src=\"https:\/\/www.locationvacances17.fr\/WP\/wp-content\/uploads\/2024\/10\/24_RUE.jpg\" alt=\"\" class=\"wp-image-1305 size-full\" style=\"object-position:50% 50%\" srcset=\"https:\/\/www.locationvacances17.fr\/WP\/wp-content\/uploads\/2024\/10\/24_RUE.jpg 1024w, https:\/\/www.locationvacances17.fr\/WP\/wp-content\/uploads\/2024\/10\/24_RUE-300x169.jpg 300w, https:\/\/www.locationvacances17.fr\/WP\/wp-content\/uploads\/2024\/10\/24_RUE-768x432.jpg 768w\" sizes=\"auto, (max-width: 1024px) 100vw, 1024px\" \/><\/figure><div class=\"wp-block-media-text__content\">\n<div style=\"height:16px\" aria-hidden=\"true\" class=\"wp-block-spacer\"><\/div>\n\n\n\n<p class=\"has-white-color has-text-color has-link-color wp-elements-5355b0ae7099bd7f206bbcae3958e7aa\"><strong>Situ\u00e9 \u00e0 150 m de la gare et \u00e0 400 m de la cure de Rochefort, cette agr\u00e9able maison lumineuse accueille jusqu\u2019\u00e0 6 personnes, dans un d\u00e9cor color\u00e9 qui nous plonge dans les ann\u00e9es 80.<\/strong><\/p>\n\n\n\n<div class=\"wp-block-buttons is-content-justification-center is-layout-flex wp-container-core-buttons-is-layout-16018d1d wp-block-buttons-is-layout-flex\" style=\"letter-spacing:4px\">\n<div class=\"wp-block-button\"><a class=\"wp-block-button__link has-pale-pink-background-color has-background has-text-align-center wp-element-button\" href=\"https:\/\/xanadu.revoila.fr\/visite-guidee\/\" style=\"font-style:normal;font-weight:700\">VISITE GUID\u00c9E<\/a><\/div>\n<\/div>\n\n\n\n<div style=\"height:16px\" aria-hidden=\"true\" class=\"wp-block-spacer\"><\/div>\n<\/div><\/div>\n\n\n\n\n\n<div class=\"wp-block-media-text is-vertically-aligned-top\" style=\"grid-template-columns:19% auto\"><figure class=\"wp-block-media-text__media\"><a href=\"https:\/\/www.xanadu.revoila.fr\"><img decoding=\"async\" src=\"https:\/\/www.locationvacances17.fr\/WP\/wp-content\/uploads\/2025\/02\/LOGO-Xanadu-Solo.svg\" alt=\"\" class=\"wp-image-2028 size-medium\"\/><\/a><\/figure><div class=\"wp-block-media-text__content\">\n<p><strong>\u2022<\/strong> <strong>Disponible \u00e0 partir de 7 nuits<br>\u2022 De 2* \u00e0 6 personnes<\/strong><br><strong>\u2022 Class\u00e9 3 \u00e9toiles pour 6<\/strong><br><strong>\u2022 Imagin\u00e9 pour ceux qui aiment \u00eatre benaise<\/strong>** !<br><strong>\u2022<\/strong> <strong>Forfait curistes<\/strong><br><\/p>\n<\/div><\/div>\n\n\n\n<p><sup>*<\/sup> <sup>En dessous de 5 occupants, la troisi\u00e8me chambre est optionnelle.<\/sup><br><sup>** Benaise : \u00ab\u00a0\u00eatre \u00e0 l&rsquo;aise\u00a0\u00bb en Picto-Charentais, entr\u00e9 au Petit Larousse en 2020 !<\/sup>  <\/p>\n\n\n\n<p><\/p>\n\n\n\n<p class=\"has-background\" style=\"background:linear-gradient(135deg,rgb(234,234,244) 0%,rgb(81,224,195) 97%)\"><strong>REMARQUE<\/strong> : Si vous voulez r\u00e9servez plus d&rsquo;un an \u00e0 l&rsquo;avance, merci de nous contacter via <a href=\"https:\/\/www.locationvacances17.fr\/WP\/contact\/\">le formulaire de contact<\/a>. Sur ce site vous ne pourrez aller au-del\u00e0 de 12 mois.<\/p>\n\n\n\n<div style=\"height:60px\" aria-hidden=\"true\" class=\"wp-block-spacer\"><\/div>\n\n\n\n<div class=\"wp-block-buttons is-content-justification-center is-layout-flex wp-container-core-buttons-is-layout-16018d1d wp-block-buttons-is-layout-flex\">\n<div class=\"wp-block-button\"><a class=\"wp-block-button__link has-pale-pink-background-color has-background has-text-align-center wp-element-button\" href=\"http:\/\/xanadu.revoila.fr\"><mark style=\"background-color:rgba(0, 0, 0, 0)\" class=\"has-inline-color has-white-color\"><strong>VISITEZ NOTRE SITE WEB<\/strong><\/mark><\/a><\/div>\n<\/div>\n\n\n\n<div class=\"wp-block-columns is-not-stacked-on-mobile is-layout-flex wp-container-core-columns-is-layout-9d6595d7 wp-block-columns-is-layout-flex\">\n<div class=\"wp-block-column is-layout-flow wp-block-column-is-layout-flow\"><div class=\"wp-block-image\">\n<figure class=\"aligncenter size-medium\"><img loading=\"lazy\" decoding=\"async\" width=\"300\" height=\"169\" src=\"https:\/\/www.locationvacances17.fr\/WP\/wp-content\/uploads\/2024\/10\/24_MURAILLE-ROUGE_1-300x169.jpg\" alt=\"\" class=\"wp-image-1327\" srcset=\"https:\/\/www.locationvacances17.fr\/WP\/wp-content\/uploads\/2024\/10\/24_MURAILLE-ROUGE_1-300x169.jpg 300w, https:\/\/www.locationvacances17.fr\/WP\/wp-content\/uploads\/2024\/10\/24_MURAILLE-ROUGE_1-1024x576.jpg 1024w, https:\/\/www.locationvacances17.fr\/WP\/wp-content\/uploads\/2024\/10\/24_MURAILLE-ROUGE_1-768x432.jpg 768w, https:\/\/www.locationvacances17.fr\/WP\/wp-content\/uploads\/2024\/10\/24_MURAILLE-ROUGE_1-1536x864.jpg 1536w, https:\/\/www.locationvacances17.fr\/WP\/wp-content\/uploads\/2024\/10\/24_MURAILLE-ROUGE_1.jpg 1920w\" sizes=\"auto, (max-width: 300px) 100vw, 300px\" \/><\/figure>\n<\/div><\/div>\n\n\n\n<div class=\"wp-block-column is-layout-flow wp-block-column-is-layout-flow\"><div class=\"wp-block-image\">\n<figure class=\"aligncenter size-medium\"><img loading=\"lazy\" decoding=\"async\" width=\"300\" height=\"169\" src=\"https:\/\/www.locationvacances17.fr\/WP\/wp-content\/uploads\/2025\/02\/24_xanadu_V2_A-300x169.jpg\" alt=\"\" class=\"wp-image-1983\" srcset=\"https:\/\/www.locationvacances17.fr\/WP\/wp-content\/uploads\/2025\/02\/24_xanadu_V2_A-300x169.jpg 300w, https:\/\/www.locationvacances17.fr\/WP\/wp-content\/uploads\/2025\/02\/24_xanadu_V2_A-1024x576.jpg 1024w, https:\/\/www.locationvacances17.fr\/WP\/wp-content\/uploads\/2025\/02\/24_xanadu_V2_A-768x432.jpg 768w, https:\/\/www.locationvacances17.fr\/WP\/wp-content\/uploads\/2025\/02\/24_xanadu_V2_A-1536x864.jpg 1536w, https:\/\/www.locationvacances17.fr\/WP\/wp-content\/uploads\/2025\/02\/24_xanadu_V2_A.jpg 1920w\" sizes=\"auto, (max-width: 300px) 100vw, 300px\" \/><\/figure>\n<\/div><\/div>\n\n\n\n<div class=\"wp-block-column is-layout-flow wp-block-column-is-layout-flow\"><div class=\"wp-block-image\">\n<figure class=\"aligncenter size-medium\"><img loading=\"lazy\" decoding=\"async\" width=\"300\" height=\"169\" src=\"https:\/\/www.locationvacances17.fr\/WP\/wp-content\/uploads\/2025\/02\/24_Ch.3_Xanadu_bas_1-300x169.jpg\" alt=\"\" class=\"wp-image-1981\" srcset=\"https:\/\/www.locationvacances17.fr\/WP\/wp-content\/uploads\/2025\/02\/24_Ch.3_Xanadu_bas_1-300x169.jpg 300w, https:\/\/www.locationvacances17.fr\/WP\/wp-content\/uploads\/2025\/02\/24_Ch.3_Xanadu_bas_1-1024x576.jpg 1024w, https:\/\/www.locationvacances17.fr\/WP\/wp-content\/uploads\/2025\/02\/24_Ch.3_Xanadu_bas_1-768x432.jpg 768w, https:\/\/www.locationvacances17.fr\/WP\/wp-content\/uploads\/2025\/02\/24_Ch.3_Xanadu_bas_1-1536x864.jpg 1536w, https:\/\/www.locationvacances17.fr\/WP\/wp-content\/uploads\/2025\/02\/24_Ch.3_Xanadu_bas_1.jpg 1920w\" sizes=\"auto, (max-width: 300px) 100vw, 300px\" \/><\/figure>\n<\/div><\/div>\n<\/div>\n\n\n\n<div class=\"wp-block-buttons is-content-justification-center is-layout-flex wp-container-core-buttons-is-layout-16018d1d wp-block-buttons-is-layout-flex\">\n<div class=\"wp-block-button is-style-fill\"><a class=\"wp-block-button__link has-white-color has-vivid-green-cyan-background-color has-text-color has-background has-link-color has-large-font-size has-custom-font-size wp-element-button\" href=\"https:\/\/xanadu.revoila.fr\/contact\/\" style=\"letter-spacing:4px\"><strong><sup><sub>CONTACT<\/sub><\/sup><\/strong><\/a><\/div>\n<\/div>\n\n\n\n<div style=\"height:42px\" aria-hidden=\"true\" class=\"wp-block-spacer\"><\/div>\n\n\n\n<figure class=\"wp-block-image alignfull size-full\"><img loading=\"lazy\" decoding=\"async\" width=\"1920\" height=\"802\" src=\"https:\/\/www.locationvacances17.fr\/WP\/wp-content\/uploads\/2024\/10\/CHARENTE.jpg\" alt=\"\" class=\"wp-image-1686\" srcset=\"https:\/\/www.locationvacances17.fr\/WP\/wp-content\/uploads\/2024\/10\/CHARENTE.jpg 1920w, https:\/\/www.locationvacances17.fr\/WP\/wp-content\/uploads\/2024\/10\/CHARENTE-300x125.jpg 300w, https:\/\/www.locationvacances17.fr\/WP\/wp-content\/uploads\/2024\/10\/CHARENTE-1024x428.jpg 1024w, https:\/\/www.locationvacances17.fr\/WP\/wp-content\/uploads\/2024\/10\/CHARENTE-768x321.jpg 768w, https:\/\/www.locationvacances17.fr\/WP\/wp-content\/uploads\/2024\/10\/CHARENTE-1536x642.jpg 1536w\" sizes=\"auto, (max-width: 1920px) 100vw, 1920px\" \/><\/figure>\n","protected":false},"excerpt":{"rendered":"<p>\u2022 Disponible \u00e0 partir de 7 nuits\u2022 De 2* \u00e0 6 personnes\u2022 Class\u00e9 3 \u00e9toiles pour 6\u2022 Imagin\u00e9 pour ceux qui aiment \u00eatre benaise** !\u2022 Forfait curistes * En dessous de 5 occupants, la troisi\u00e8me chambre est optionnelle.** Benaise : \u00ab\u00a0\u00eatre \u00e0 l&rsquo;aise\u00a0\u00bb en Picto-Charentais, entr\u00e9 au Petit Larousse en 2020 ! REMARQUE : Si vous voulez [&hellip;]<\/p>\n","protected":false},"author":1,"featured_media":0,"parent":0,"menu_order":0,"comment_status":"closed","ping_status":"closed","template":"","meta":{"inline_featured_image":false,"footnotes":""},"class_list":["post-1432","page","type-page","status-publish","hentry","post"],"_links":{"self":[{"href":"https:\/\/www.locationvacances17.fr\/WP\/wp-json\/wp\/v2\/pages\/1432","targetHints":{"allow":["GET"]}}],"collection":[{"href":"https:\/\/www.locationvacances17.fr\/WP\/wp-json\/wp\/v2\/pages"}],"about":[{"href":"https:\/\/www.locationvacances17.fr\/WP\/wp-json\/wp\/v2\/types\/page"}],"author":[{"embeddable":true,"href":"https:\/\/www.locationvacances17.fr\/WP\/wp-json\/wp\/v2\/users\/1"}],"replies":[{"embeddable":true,"href":"https:\/\/www.locationvacances17.fr\/WP\/wp-json\/wp\/v2\/comments?post=1432"}],"version-history":[{"count":255,"href":"https:\/\/www.locationvacances17.fr\/WP\/wp-json\/wp\/v2\/pages\/1432\/revisions"}],"predecessor-version":[{"id":2198,"href":"https:\/\/www.locationvacances17.fr\/WP\/wp-json\/wp\/v2\/pages\/1432\/revisions\/2198"}],"wp:attachment":[{"href":"https:\/\/www.locationvacances17.fr\/WP\/wp-json\/wp\/v2\/media?parent=1432"}],"curies":[{"name":"wp","href":"https:\/\/api.w.org\/{rel}","templated":true}]}}