{"id":2,"date":"2018-12-08T20:38:18","date_gmt":"2018-12-08T19:38:18","guid":{"rendered":"http:\/\/www.locationvacances17.fr\/WP\/?page_id=2"},"modified":"2021-11-16T23:12:33","modified_gmt":"2021-11-16T22:12:33","slug":"casamodernista","status":"publish","type":"page","link":"https:\/\/www.locationvacances17.fr\/WP\/casamodernista\/","title":{"rendered":"CasaModernista Royan R\u00e9servation"},"content":{"rendered":"<div id=\"pl-2\"  class=\"panel-layout\" ><div id=\"pg-2-0\"  class=\"panel-grid panel-has-style\" ><div class=\"content-950px panel-row-style panel-row-style-for-2-0\" ><div id=\"pgc-2-0-0\"  class=\"panel-grid-cell\" ><div id=\"panel-2-0-0-0\" class=\"so-panel widget widget_sow-editor panel-first-child\" data-index=\"0\" ><div class=\"content-950px panel-widget-style panel-widget-style-for-2-0-0-0\" id=\"post-50\" ><div\n\t\t\t\n\t\t\tclass=\"so-widget-sow-editor so-widget-sow-editor-base\"\n\t\t\t\n\t\t>\n<div class=\"siteorigin-widget-tinymce textwidget\">\n\t<\/div>\n<\/div><\/div><\/div><div id=\"panel-2-0-0-1\" class=\"so-panel widget widget_sow-editor panel-last-child\" data-index=\"1\" ><div class=\"content-950px panel-widget-style panel-widget-style-for-2-0-0-1\" ><div\n\t\t\t\n\t\t\tclass=\"so-widget-sow-editor so-widget-sow-editor-base\"\n\t\t\t\n\t\t>\n<div class=\"siteorigin-widget-tinymce textwidget\">\n\t<h1 style=\"font-size: 2.3em;\">R\u00e9servez vos vacances \u00e0 CasaModernista Royan<\/h1>\n<p style=\"font-size: 0.8em; color: #277895; letter-spacing: 2px; margin: -20px 0px 35px;\">(Direct propri\u00e9taire \/ sans commission)<\/p>\n<p style=\"font-size: 1.6em; letter-spacing: 5px;\">R\u00c9SERVEZ MAINTENANT<\/p>\n<p style=\"font-size: 1.3em; margin-top: -0.9em;\">S\u00e9jour minimum 7 nuits<\/p>\n<p style=\"font-size: 1.3em; margin-top: -0.9em;\">Remise de 10% \u00e0 partir de deux semaines et prix au mois.<\/p>\n<p style=\"font-size: 1.3em; margin-top: -0.9em;\">Les prix indiqu\u00e9s incluent la taxe de s\u00e9jour.<\/p>\n<p style=\"font-size: 1.3em; margin-top: 0em; text-align: center; letter-spacing: 5px; color: #ac0000;\"><a style=\"color: #ac0000;\" href=\"https:\/\/www.locationvacances17.fr\/WP\/mesures-covid-19\/\">INFO COVID 19<\/a><\/p>\n<p style=\"font-size: 1.3em; margin-top: -0.9em;\"><span style=\"color: #ac0000;\"><br \/>\nVous souhaitez arriver dans moins de 48h ?<\/span> <a style=\"color: black; text-decoration: underline;\" href=\"https:\/\/www.casamodernistaroyan.com\/location-saisonni%c3%a8re-royan-contact-casamodernista.html\">Envoyez nous un message<\/a> pour v\u00e9rifier la faisabilit\u00e9 de votre accueil. R\u00e9ponse rapide.<\/p>\n<div style=\"display: none;\">\n<p style=\"font-size: 1em; font-style: italic; margin-top: 0em;\"><span style=\"color: #ac0000;\">* En saison et p\u00e9riode de chauffe (novembre \u00e0 avril)<\/span> la location est \u00e0 la semaine.<\/p>\n<p style=\"font-size: 1.6em; margin-top: -0.9em; color: #ac0000;\">REMARQUE SEPTEMBRE 2021 : Contrairement \u00e0 ce qui appara\u00eet sur le calendrier, il est possible de s\u00e9journer du 17\/09 au 21\/09. Seules les arriv\u00e9es durant cette p\u00e9riode ne sont pas possibles.<\/p>\n<\/div>\n<p>NB : P\u00e9riode de chauffe\u00a0chauffage en suppl\u00e9ment sur relev\u00e9s d'index (gaz de ville).<\/p>\n<\/div>\n<\/div><\/div><\/div><\/div><div id=\"pgc-2-0-1\"  class=\"panel-grid-cell\" ><div id=\"panel-2-0-1-0\" class=\"so-panel widget widget_sow-editor panel-first-child panel-last-child\" data-index=\"2\" ><div class=\"content-950px panel-widget-style panel-widget-style-for-2-0-1-0\" ><div\n\t\t\t\n\t\t\tclass=\"so-widget-sow-editor so-widget-sow-editor-base\"\n\t\t\t\n\t\t>\n<div class=\"siteorigin-widget-tinymce textwidget\">\n\t<p><a href=\"https:\/\/www.casamodernistaroyan.com\"><img loading=\"lazy\" decoding=\"async\" class=\"alignright wp-image-162\" src=\"https:\/\/www.locationvacances17.fr\/WP\/wp-content\/uploads\/2018\/12\/PinsCasaM.png\" alt=\"CasaModernista Royan\" width=\"220\" height=\"220\" style=\"padding-bottom:20px\" srcset=\"https:\/\/www.locationvacances17.fr\/WP\/wp-content\/uploads\/2018\/12\/PinsCasaM.png 300w, https:\/\/www.locationvacances17.fr\/WP\/wp-content\/uploads\/2018\/12\/PinsCasaM-150x150.png 150w\" sizes=\"auto, (max-width: 220px) 100vw, 220px\" \/><\/a><\/p>\n<\/div>\n<\/div><\/div><\/div><\/div><\/div><\/div><div id=\"pg-2-1\"  class=\"panel-grid panel-no-style\" ><div id=\"pgc-2-1-0\"  class=\"panel-grid-cell\" ><div id=\"panel-2-1-0-0\" class=\"so-panel widget widget_sow-editor panel-first-child\" data-index=\"3\" ><div class=\"content-950px panel-widget-style panel-widget-style-for-2-1-0-0\" id=\"post-50\" ><div\n\t\t\t\n\t\t\tclass=\"so-widget-sow-editor so-widget-sow-editor-base\"\n\t\t\t\n\t\t>\n<div class=\"siteorigin-widget-tinymce textwidget\">\n\t<p style=\"text-align: center;\"><\/p>\n<p style=\"text-align: center;\"><a href=\"https:\/\/casamodernistaroyan.com\"><img loading=\"lazy\" decoding=\"async\" class=\"wp-image-51 size-full\" src=\"https:\/\/www.locationvacances17.fr\/WP\/wp-content\/uploads\/2018\/12\/01_20170121_152725_HDR-1.jpg\" alt=\"\" width=\"1920\" height=\"1080\" srcset=\"https:\/\/www.locationvacances17.fr\/WP\/wp-content\/uploads\/2018\/12\/01_20170121_152725_HDR-1.jpg 1920w, https:\/\/www.locationvacances17.fr\/WP\/wp-content\/uploads\/2018\/12\/01_20170121_152725_HDR-1-300x169.jpg 300w, https:\/\/www.locationvacances17.fr\/WP\/wp-content\/uploads\/2018\/12\/01_20170121_152725_HDR-1-768x432.jpg 768w, https:\/\/www.locationvacances17.fr\/WP\/wp-content\/uploads\/2018\/12\/01_20170121_152725_HDR-1-1024x576.jpg 1024w, https:\/\/www.locationvacances17.fr\/WP\/wp-content\/uploads\/2018\/12\/01_20170121_152725_HDR-1-1568x882.jpg 1568w\" sizes=\"auto, (max-width: 1920px) 100vw, 1920px\" \/><\/a><br \/>\n<a href=\"https:\/\/casamodernistaroyan.com\">CASAMODERNISTA ROYAN<\/a><\/p>\n<\/div>\n<\/div><\/div><\/div><div id=\"panel-2-1-0-1\" class=\"so-panel widget widget_sow-editor panel-last-child\" data-index=\"4\" ><div class=\"content-950px panel-widget-style panel-widget-style-for-2-1-0-1\" ><div\n\t\t\t\n\t\t\tclass=\"so-widget-sow-editor so-widget-sow-editor-base\"\n\t\t\t\n\t\t>\n<div class=\"siteorigin-widget-tinymce textwidget\">\n\t<div class=\"wp-gr rpi wpac\" data-id=\"ChIJxQVRlVp2AUgRBTDPmGbD3_k\" data-layout=\"list\" data-exec=\"false\" data-options='{&quot;text_size&quot;:&quot;120&quot;,&quot;trans&quot;:{&quot;read more&quot;:&quot;plus&quot;}}'><svg xmlns=\"http:\/\/www.w3.org\/2000\/svg\" style=\"display:none!important\"><symbol id=\"grw-tripadvisor\" viewBox=\"0 0 713.496 713.496\"><g><circle fill=\"#34E0A1\" cx=\"356.749\" cy=\"356.748\" r=\"356.748\"\/><path d=\"M577.095,287.152l43.049-46.836h-95.465c-47.792-32.646-105.51-51.659-167.931-51.659   c-62.342,0-119.899,19.054-167.612,51.659H93.432l43.049,46.836c-26.387,24.075-42.929,58.754-42.929,97.259   c0,72.665,58.914,131.578,131.579,131.578c34.519,0,65.968-13.313,89.446-35.077l42.172,45.919l42.172-45.879   c23.478,21.764,54.887,35.037,89.406,35.037c72.665,0,131.658-58.913,131.658-131.578   C620.024,345.866,603.483,311.188,577.095,287.152z M225.17,473.458c-49.188,0-89.047-39.859-89.047-89.047   s39.86-89.048,89.047-89.048c49.187,0,89.047,39.86,89.047,89.048S274.357,473.458,225.17,473.458z M356.788,381.82   c0-58.595-42.61-108.898-98.853-130.383c30.413-12.716,63.776-19.771,98.813-19.771s68.439,7.055,98.853,19.771   C399.399,272.962,356.788,323.226,356.788,381.82z M488.367,473.458c-49.188,0-89.048-39.859-89.048-89.047   s39.86-89.048,89.048-89.048s89.047,39.86,89.047,89.048S537.554,473.458,488.367,473.458z M488.367,337.694   c-25.79,0-46.677,20.887-46.677,46.677c0,25.789,20.887,46.676,46.677,46.676c25.789,0,46.676-20.887,46.676-46.676   C535.042,358.621,514.156,337.694,488.367,337.694z M271.846,384.411c0,25.789-20.887,46.676-46.676,46.676   s-46.676-20.887-46.676-46.676c0-25.79,20.887-46.677,46.676-46.677C250.959,337.694,271.846,358.621,271.846,384.411z\"\/><\/g><\/symbol><symbol id=\"grw-google\" viewBox=\"0 0 512 512\"><g fill=\"none\" fill-rule=\"evenodd\"><path d=\"M482.56 261.36c0-16.73-1.5-32.83-4.29-48.27H256v91.29h127.01c-5.47 29.5-22.1 54.49-47.09 71.23v59.21h76.27c44.63-41.09 70.37-101.59 70.37-173.46z\" fill=\"#4285f4\"\/><path d=\"M256 492c63.72 0 117.14-21.13 156.19-57.18l-76.27-59.21c-21.13 14.16-48.17 22.53-79.92 22.53-61.47 0-113.49-41.51-132.05-97.3H45.1v61.15c38.83 77.13 118.64 130.01 210.9 130.01z\" fill=\"#34a853\"\/><path d=\"M123.95 300.84c-4.72-14.16-7.4-29.29-7.4-44.84s2.68-30.68 7.4-44.84V150.01H45.1C29.12 181.87 20 217.92 20 256c0 38.08 9.12 74.13 25.1 105.99l78.85-61.15z\" fill=\"#fbbc05\"\/><path d=\"M256 113.86c34.65 0 65.76 11.91 90.22 35.29l67.69-67.69C373.03 43.39 319.61 20 256 20c-92.25 0-172.07 52.89-210.9 130.01l78.85 61.15c18.56-55.78 70.59-97.3 132.05-97.3z\" fill=\"#ea4335\"\/><path d=\"M20 20h472v472H20V20z\"\/><\/g><\/symbol><\/svg><div class=\"wp-google-list\"><div class=\"grw-header\"><div class=\"grw-header-inner rpi-flx rpi-row12\"><div class=\"grw-img-wrap\"><img decoding=\"async\" class=\"grw-img\" src=\"https:\/\/lh3.googleusercontent.com\/p\/AF1QipNTpUSYxNoa1ipbAGz2W6yKGjc_Qs1FdMGeK6lt=s1600-w300-h300\" loading=\"lazy\" alt=\"location vacances Royan 1950 place picture\" width=\"50\" height=\"50\" onerror=\"if(this.src!='data:image\/gif;base64,R0lGODlhAQABAIAAAAAAAP\/\/\/yH5BAEAAAAALAAAAAABAAEAAAIBRAA7')this.src='data:image\/gif;base64,R0lGODlhAQABAIAAAAAAAP\/\/\/yH5BAEAAAAALAAAAAABAAEAAAIBRAA7';\" ><\/div><div class=\"rpi-flx rpi-col8\"><div class=\"wp-google-name\"><a href=\"https:\/\/maps.google.com\/?cid=18005324680668327941\" target=\"_blank\" rel=\"nofollow noopener\">location vacances Royan 1950<\/a><\/div><span class=\"rpi-stars\" style=\"--rating:4.6\">4.6<\/span><div class=\"wp-google-based\">Bas\u00e9 sur 9 avis<\/div><div class=\"wp-google-powered\">powered by <span><span style=\"color:#3c6df0!important\">G<\/span><span style=\"color:#d93025!important\">o<\/span><span style=\"color:#fb8e28!important\">o<\/span><span style=\"color:#3c6df0!important\">g<\/span><span style=\"color:#188038!important\">l<\/span><span style=\"color:#d93025!important\">e<\/span><\/span><\/div><div class=\"wp-google-wr\"><a href=\"https:\/\/search.google.com\/local\/writereview?placeid=ChIJxQVRlVp2AUgRBTDPmGbD3_k\" target=\"_blank\" rel=\"nofollow noopener\" onclick=\"return rplg_leave_review_window.call(this)\">notez-nous sur<svg height=\"16\" width=\"16\" role=\"none\"><use href=\"#grw-google\"><\/use><\/svg><\/a><\/div><\/div><\/div><\/div><div class=\"rpi-flx rpi-col16\"><div class=\"wp-google-review\"><div class=\"rpi-flx rpi-row12\"><div class=\"grw-img-wrap\"><img decoding=\"async\" class=\"grw-img\" src=\"https:\/\/lh3.googleusercontent.com\/a-\/AOh14Ghsj9gw5HbEjU7epTP5-x9ccD3Wf77qNg9jTMeqeQ=s128-c0x00000000-cc-rp-mo\" loading=\"lazy\" alt=\"r\u00e9gis Bourguignon profile picture\" width=\"50\" height=\"50\" onerror=\"if(this.src!='https:\/\/www.locationvacances17.fr\/WP\/wp-content\/plugins\/widget-google-reviews\/assets\/img\/guest.png')this.src='https:\/\/www.locationvacances17.fr\/WP\/wp-content\/plugins\/widget-google-reviews\/assets\/img\/guest.png';\" ><\/div><div class=\"rpi-flx rpi-col4\"><a href=\"https:\/\/www.google.com\/maps\/contrib\/114972377544740275831\/reviews\" class=\"wp-google-name\" target=\"_blank\" rel=\"nofollow noopener\">r\u00e9gis Bourguignon<\/a><div class=\"wp-google-time\" data-time=\"1568577013\">19:50 15 Sep 19<\/div><div class=\"wp-google-feedback\"><span class=\"rpi-stars\" style=\"--rating:5\"><\/span><span class=\"wp-google-text\">3 dream weeks with a personalized welcome from Nabila and Denis! We found both friends and a holiday resort (Royan) which we found with great pleasure. Our 3 summer weeks passed very quickly and we really appreciated the apartment and the very nice decoration of our hosts! The apartment is ideally located in this pretty seaside town.<\/span><\/div><\/div><\/div><\/div><div class=\"wp-google-review\"><div class=\"rpi-flx rpi-row12\"><div class=\"grw-img-wrap\"><img decoding=\"async\" class=\"grw-img\" src=\"https:\/\/lh5.googleusercontent.com\/-XXhiNMKTwQM\/AAAAAAAAAAI\/AAAAAAAAAAA\/AMZuucmKuxlwMWp5yxwsPY7H5BptoGT94g\/s128-c0x00000000-cc-rp-mo\/photo.jpg\" loading=\"lazy\" alt=\"Florence L B profile picture\" width=\"50\" height=\"50\" onerror=\"if(this.src!='https:\/\/www.locationvacances17.fr\/WP\/wp-content\/plugins\/widget-google-reviews\/assets\/img\/guest.png')this.src='https:\/\/www.locationvacances17.fr\/WP\/wp-content\/plugins\/widget-google-reviews\/assets\/img\/guest.png';\" ><\/div><div class=\"rpi-flx rpi-col4\"><a href=\"https:\/\/www.google.com\/maps\/contrib\/102744501114005974837\/reviews\" class=\"wp-google-name\" target=\"_blank\" rel=\"nofollow noopener\">Florence L B<\/a><div class=\"wp-google-time\" data-time=\"1562186761\">20:46 03 Jul 19<\/div><div class=\"wp-google-feedback\"><span class=\"rpi-stars\" style=\"--rating:5\"><\/span><span class=\"wp-google-text\">Excellent stay in this 50's decor apartment: everything is there, the atmosphere, today's facilities &#x1f609;, clarity, cleanliness, calm ...<br \/>Not negligible, ideal location in the heart of town: everything is done on foot, shopping at the covered market, beach, walks on the seafront !!!<br \/>Finally the best: the welcome, the kindness of Nabila and Denis ... very caring for their hosts &#x1f60a;.<br \/>Again THANK YOU, vacation to relive !!!<\/span><\/div><\/div><\/div><\/div><div class=\"wp-google-review\"><div class=\"rpi-flx rpi-row12\"><div class=\"grw-img-wrap\"><img decoding=\"async\" class=\"grw-img\" src=\"https:\/\/lh4.googleusercontent.com\/-rpHXu5vGEWo\/AAAAAAAAAAI\/AAAAAAAAAAA\/AMZuucmctSvGhQbu0gaKqZCn2r232yHVew\/s128-c0x00000000-cc-rp-mo\/photo.jpg\" loading=\"lazy\" alt=\"claude OBER profile picture\" width=\"50\" height=\"50\" onerror=\"if(this.src!='https:\/\/www.locationvacances17.fr\/WP\/wp-content\/plugins\/widget-google-reviews\/assets\/img\/guest.png')this.src='https:\/\/www.locationvacances17.fr\/WP\/wp-content\/plugins\/widget-google-reviews\/assets\/img\/guest.png';\" ><\/div><div class=\"rpi-flx rpi-col4\"><a href=\"https:\/\/www.google.com\/maps\/contrib\/113576233311693096147\/reviews\" class=\"wp-google-name\" target=\"_blank\" rel=\"nofollow noopener\">claude OBER<\/a><div class=\"wp-google-time\" data-time=\"1560687480\">12:18 16 Jun 19<\/div><div class=\"wp-google-feedback\"><span class=\"rpi-stars\" style=\"--rating:5\"><\/span><span class=\"wp-google-text\">Third stay at CasaModernista, and it is always with as much pleasure as we find the Royan atmosphere of the 50s of this bright apartment, close to the covered market, and the Grande Conche.<br \/>The emblematic elements of the Royan of \"reconstruction\" are present here, with simplicity and attention to detail.<br \/>More than an apartment for rent, it is the sharing of a passion around this unique heritage that is offered during a stay, to see beyond ...<br \/>Marie-Paule and Claude de P\u00e9rigueux<\/span><\/div><\/div><\/div><\/div><div class=\"wp-google-review wp-google-hide\"><div class=\"rpi-flx rpi-row12\"><div class=\"grw-img-wrap\"><img decoding=\"async\" class=\"grw-img\" src=\"https:\/\/lh6.googleusercontent.com\/-zROfWGVLlIM\/AAAAAAAAAAI\/AAAAAAAAAAA\/AMZuucmE0wSr6ZhxatYJbQbuiMOf23_AIQ\/s128-c0x00000000-cc-rp-mo\/photo.jpg\" loading=\"lazy\" alt=\"Rock knife profile picture\" width=\"50\" height=\"50\" onerror=\"if(this.src!='https:\/\/www.locationvacances17.fr\/WP\/wp-content\/plugins\/widget-google-reviews\/assets\/img\/guest.png')this.src='https:\/\/www.locationvacances17.fr\/WP\/wp-content\/plugins\/widget-google-reviews\/assets\/img\/guest.png';\" ><\/div><div class=\"rpi-flx rpi-col4\"><a href=\"https:\/\/www.google.com\/maps\/contrib\/107989493374823759306\/reviews\" class=\"wp-google-name\" target=\"_blank\" rel=\"nofollow noopener\">Rock knife<\/a><div class=\"wp-google-time\" data-time=\"1556556818\">16:53 29 Apr 19<\/div><div class=\"wp-google-feedback\"><span class=\"rpi-stars\" style=\"--rating:5\"><\/span><span class=\"wp-google-text\">Ideally located for doing everything on foot, this apartment is ideal for a stay in the spirit of the Royan of the 50's. Warm and full of \"pep\", it is functional and has everything you need. The owners are very friendly and have made available the documentation necessary to understand and visit this city with such a unique architecture!<br \/><br \/>Virginia<\/span><\/div><\/div><\/div><\/div><div class=\"wp-google-review wp-google-hide\"><div class=\"rpi-flx rpi-row12\"><div class=\"grw-img-wrap\"><img decoding=\"async\" class=\"grw-img\" src=\"https:\/\/lh3.googleusercontent.com\/-lhoSD40ESTI\/AAAAAAAAAAI\/AAAAAAAAAAA\/AMZuucnl6-Bh-Yz-YlP9JpAt8zBJ4uBt4Q\/s128-c0x00000000-cc-rp-mo\/photo.jpg\" loading=\"lazy\" alt=\"anne-marie Trentesaux profile picture\" width=\"50\" height=\"50\" onerror=\"if(this.src!='https:\/\/www.locationvacances17.fr\/WP\/wp-content\/plugins\/widget-google-reviews\/assets\/img\/guest.png')this.src='https:\/\/www.locationvacances17.fr\/WP\/wp-content\/plugins\/widget-google-reviews\/assets\/img\/guest.png';\" ><\/div><div class=\"rpi-flx rpi-col4\"><a href=\"https:\/\/www.google.com\/maps\/contrib\/104917657779232607658\/reviews\" class=\"wp-google-name\" target=\"_blank\" rel=\"nofollow noopener\">anne-marie Trentesaux<\/a><div class=\"wp-google-time\" data-time=\"1555354493\">18:54 15 Apr 19<\/div><div class=\"wp-google-feedback\"><span class=\"rpi-stars\" style=\"--rating:5\"><\/span><span class=\"wp-google-text\">Nice apartment well equipped and decorated, functional and very clean. Located in a quiet and picturesque area of \u200b\u200bthe city center, close to the central market, shops and the beach! The hosts are responsive and kind. Excellent stay to you too!<\/span><\/div><\/div><\/div><\/div><\/div><a class=\"wp-google-url\" href=\"#\" onclick=\"return rplg_next_reviews.call(this, 'wp-google', 3);\">Avis suivants<\/a><\/div><\/div>\n<\/div>\n<\/div><\/div><\/div><\/div><\/div><\/div>","protected":false},"excerpt":{"rendered":"<p>R\u00e9servez vos vacances \u00e0 CasaModernista Royan (Direct propri\u00e9taire \/ sans commission) R\u00c9SERVEZ MAINTENANT S\u00e9jour minimum 7 nuits Remise de 10% \u00e0 partir de deux semaines et prix au mois. Les prix indiqu\u00e9s incluent la taxe de s\u00e9jour. INFO COVID 19 Vous souhaitez arriver dans moins de 48h ? Envoyez nous un message pour v\u00e9rifier la faisabilit\u00e9 de [&hellip;]<\/p>\n","protected":false},"author":1,"featured_media":0,"parent":0,"menu_order":0,"comment_status":"closed","ping_status":"open","template":"","meta":{"inline_featured_image":false,"footnotes":""},"class_list":["post-2","page","type-page","status-publish","hentry","post"],"_links":{"self":[{"href":"https:\/\/www.locationvacances17.fr\/WP\/wp-json\/wp\/v2\/pages\/2","targetHints":{"allow":["GET"]}}],"collection":[{"href":"https:\/\/www.locationvacances17.fr\/WP\/wp-json\/wp\/v2\/pages"}],"about":[{"href":"https:\/\/www.locationvacances17.fr\/WP\/wp-json\/wp\/v2\/types\/page"}],"author":[{"embeddable":true,"href":"https:\/\/www.locationvacances17.fr\/WP\/wp-json\/wp\/v2\/users\/1"}],"replies":[{"embeddable":true,"href":"https:\/\/www.locationvacances17.fr\/WP\/wp-json\/wp\/v2\/comments?post=2"}],"version-history":[{"count":12,"href":"https:\/\/www.locationvacances17.fr\/WP\/wp-json\/wp\/v2\/pages\/2\/revisions"}],"predecessor-version":[{"id":1279,"href":"https:\/\/www.locationvacances17.fr\/WP\/wp-json\/wp\/v2\/pages\/2\/revisions\/1279"}],"wp:attachment":[{"href":"https:\/\/www.locationvacances17.fr\/WP\/wp-json\/wp\/v2\/media?parent=2"}],"curies":[{"name":"wp","href":"https:\/\/api.w.org\/{rel}","templated":true}]}}