{"id":38,"date":"2018-12-09T00:47:45","date_gmt":"2018-12-08T23:47:45","guid":{"rendered":"https:\/\/www.locationvacances17.fr\/WP\/?page_id=38"},"modified":"2026-02-01T23:31:22","modified_gmt":"2026-02-01T22:31:22","slug":"home","status":"publish","type":"page","link":"https:\/\/www.locationvacances17.fr\/WP\/","title":{"rendered":"Bienvenue en Charente-Maritime"},"content":{"rendered":"<div id=\"pl-38\"  class=\"panel-layout\" ><div id=\"pg-38-0\"  class=\"panel-grid panel-has-style\" ><div class=\"siteorigin-panels-stretch panel-row-style panel-row-style-for-38-0\" data-stretch-type=\"full\" ><div id=\"pgc-38-0-0\"  class=\"panel-grid-cell\" ><div id=\"panel-38-0-0-0\" class=\"so-panel widget widget_metaslider_widget panel-first-child panel-last-child\" data-index=\"0\" ><div id=\"metaslider-id-264\" style=\"width: 100%;\" class=\"ml-slider-3-108-0 metaslider metaslider-flex metaslider-264 ml-slider #toto ms-theme-default nav-hidden\" role=\"region\" aria-label=\"New Slideshow\" data-height=\"322\" data-width=\"960\">\n    <div id=\"metaslider_container_264\">\n        <div id=\"metaslider_264\" class=\"flexslider\">\n            <ul class='slides'>\n                <li style=\"display: block; width: 100%;\" class=\"slide-271 ms-image \" aria-roledescription=\"slide\" data-date=\"2019-01-17 23:03:50\" data-filename=\"slideshow17_0000_Calque-4.jpg\" data-slide-type=\"image\"><img loading=\"lazy\" decoding=\"async\" width=\"1980\" height=\"635\" src=\"https:\/\/www.locationvacances17.fr\/WP\/wp-content\/uploads\/2019\/01\/slideshow17_0000_Calque-4.jpg\" class=\"slider-264 slide-271 msDefaultImage\" alt=\"Carrelet \/ Fouras \" rel=\"\" title=\"slideshow17_0000_Calque 4\" srcset=\"https:\/\/www.locationvacances17.fr\/WP\/wp-content\/uploads\/2019\/01\/slideshow17_0000_Calque-4.jpg 1980w, https:\/\/www.locationvacances17.fr\/WP\/wp-content\/uploads\/2019\/01\/slideshow17_0000_Calque-4-300x96.jpg 300w, https:\/\/www.locationvacances17.fr\/WP\/wp-content\/uploads\/2019\/01\/slideshow17_0000_Calque-4-768x246.jpg 768w, https:\/\/www.locationvacances17.fr\/WP\/wp-content\/uploads\/2019\/01\/slideshow17_0000_Calque-4-1024x328.jpg 1024w, https:\/\/www.locationvacances17.fr\/WP\/wp-content\/uploads\/2019\/01\/slideshow17_0000_Calque-4-1568x503.jpg 1568w\" sizes=\"auto, (max-width: 1980px) 100vw, 1980px\" \/><\/li>\n                <li style=\"display: none; width: 100%;\" class=\"slide-272 ms-image \" aria-roledescription=\"slide\" data-date=\"2019-01-17 23:03:50\" data-filename=\"slideshow17_0001_Calque-3.jpg\" data-slide-type=\"image\"><img loading=\"lazy\" decoding=\"async\" width=\"1980\" height=\"635\" src=\"https:\/\/www.locationvacances17.fr\/WP\/wp-content\/uploads\/2019\/01\/slideshow17_0001_Calque-3.jpg\" class=\"slider-264 slide-272 msDefaultImage\" alt=\"Le phare de Valli\u00e8re \/ Saint Georges de Didonnes\" rel=\"\" title=\"slideshow17_0001_Calque 3\" srcset=\"https:\/\/www.locationvacances17.fr\/WP\/wp-content\/uploads\/2019\/01\/slideshow17_0001_Calque-3.jpg 1980w, https:\/\/www.locationvacances17.fr\/WP\/wp-content\/uploads\/2019\/01\/slideshow17_0001_Calque-3-300x96.jpg 300w, https:\/\/www.locationvacances17.fr\/WP\/wp-content\/uploads\/2019\/01\/slideshow17_0001_Calque-3-768x246.jpg 768w, https:\/\/www.locationvacances17.fr\/WP\/wp-content\/uploads\/2019\/01\/slideshow17_0001_Calque-3-1024x328.jpg 1024w, https:\/\/www.locationvacances17.fr\/WP\/wp-content\/uploads\/2019\/01\/slideshow17_0001_Calque-3-1568x503.jpg 1568w\" sizes=\"auto, (max-width: 1980px) 100vw, 1980px\" \/><\/li>\n                <li style=\"display: none; width: 100%;\" class=\"slide-273 ms-image \" aria-roledescription=\"slide\" data-date=\"2019-01-17 23:03:50\" data-filename=\"slideshow17_0002_Calque-2.jpg\" data-slide-type=\"image\"><img loading=\"lazy\" decoding=\"async\" width=\"1980\" height=\"635\" src=\"https:\/\/www.locationvacances17.fr\/WP\/wp-content\/uploads\/2019\/01\/slideshow17_0002_Calque-2.jpg\" class=\"slider-264 slide-273 msDefaultImage\" alt=\"Le port de l&#039;Aiguille\" rel=\"\" title=\"slideshow17_0002_Calque 2\" srcset=\"https:\/\/www.locationvacances17.fr\/WP\/wp-content\/uploads\/2019\/01\/slideshow17_0002_Calque-2.jpg 1980w, https:\/\/www.locationvacances17.fr\/WP\/wp-content\/uploads\/2019\/01\/slideshow17_0002_Calque-2-300x96.jpg 300w, https:\/\/www.locationvacances17.fr\/WP\/wp-content\/uploads\/2019\/01\/slideshow17_0002_Calque-2-768x246.jpg 768w, https:\/\/www.locationvacances17.fr\/WP\/wp-content\/uploads\/2019\/01\/slideshow17_0002_Calque-2-1024x328.jpg 1024w, https:\/\/www.locationvacances17.fr\/WP\/wp-content\/uploads\/2019\/01\/slideshow17_0002_Calque-2-1568x503.jpg 1568w\" sizes=\"auto, (max-width: 1980px) 100vw, 1980px\" \/><\/li>\n                <li style=\"display: none; width: 100%;\" class=\"slide-274 ms-image \" aria-roledescription=\"slide\" data-date=\"2019-01-17 23:03:51\" data-filename=\"slideshow17_0003_Calque-1.jpg\" data-slide-type=\"image\"><img loading=\"lazy\" decoding=\"async\" width=\"1980\" height=\"635\" src=\"https:\/\/www.locationvacances17.fr\/WP\/wp-content\/uploads\/2019\/01\/slideshow17_0003_Calque-1.jpg\" class=\"slider-264 slide-274 msDefaultImage\" alt=\"Carrelet \/ Fouras \" rel=\"\" title=\"slideshow17_0003_Calque 1\" srcset=\"https:\/\/www.locationvacances17.fr\/WP\/wp-content\/uploads\/2019\/01\/slideshow17_0003_Calque-1.jpg 1980w, https:\/\/www.locationvacances17.fr\/WP\/wp-content\/uploads\/2019\/01\/slideshow17_0003_Calque-1-300x96.jpg 300w, https:\/\/www.locationvacances17.fr\/WP\/wp-content\/uploads\/2019\/01\/slideshow17_0003_Calque-1-768x246.jpg 768w, https:\/\/www.locationvacances17.fr\/WP\/wp-content\/uploads\/2019\/01\/slideshow17_0003_Calque-1-1024x328.jpg 1024w, https:\/\/www.locationvacances17.fr\/WP\/wp-content\/uploads\/2019\/01\/slideshow17_0003_Calque-1-1568x503.jpg 1568w\" sizes=\"auto, (max-width: 1980px) 100vw, 1980px\" \/><\/li>\n            <\/ul>\n        <\/div>\n        \n    <\/div>\n<\/div><\/div><\/div><\/div><\/div><div id=\"pg-38-1\"  class=\"panel-grid panel-no-style\" ><div id=\"pgc-38-1-0\"  class=\"panel-grid-cell\" ><div id=\"panel-38-1-0-0\" class=\"so-panel widget widget_sow-editor panel-first-child panel-last-child\" data-index=\"1\" ><div class=\"content-950px panel-widget-style panel-widget-style-for-38-1-0-0\" ><div\n\t\t\t\n\t\t\tclass=\"so-widget-sow-editor so-widget-sow-editor-base\"\n\t\t\t\n\t\t>\n<div class=\"siteorigin-widget-tinymce textwidget\">\n\t<p>La Rochelle \/ Rochefort \/ Royan \/ Saintes<br \/>\nR\u00e9servation d'h\u00e9bergements de vacances en Charente-Maritime<\/p>\n<p>Une propri\u00e9t\u00e9 trouv\u00e9e :<\/p>\n<p><a href=\"https:\/\/www.xanadu.revoila.fr\"><img loading=\"lazy\" decoding=\"async\" class=\"alignnone  wp-image-2124 aligncenter\" src=\"https:\/\/www.locationvacances17.fr\/WP\/wp-content\/uploads\/2025\/04\/LOGO-Xanadu-Solo.svg\" alt=\"\" width=\"155\" height=\"118\" \/><\/a><\/p>\n<p style=\"text-align: center;\"><a href=\"https:\/\/www.locationvacances17.fr\/WP\/disponibiltes-maison-80-rochefort\/\">Voir les disponibilit\u00e9es<\/a><\/p>\n<p>&nbsp;<\/p>\n<p>&nbsp;<\/p>\n<p>&nbsp;<\/p>\n<h3 id=\"shortcode_booking_form\"><\/h3>\n<\/div>\n<\/div><\/div><\/div><\/div><\/div><div id=\"pg-38-2\"  class=\"panel-grid panel-no-style\" ><div id=\"pgc-38-2-0\"  class=\"panel-grid-cell panel-grid-cell-empty\" ><\/div><\/div><\/div>","protected":false},"excerpt":{"rendered":"<p>La Rochelle \/ Rochefort \/ Royan \/ Saintes R\u00e9servation d&rsquo;h\u00e9bergements de vacances en Charente-Maritime Une propri\u00e9t\u00e9 trouv\u00e9e : Voir les disponibilit\u00e9es &nbsp; &nbsp; &nbsp;<\/p>\n","protected":false},"author":1,"featured_media":0,"parent":0,"menu_order":0,"comment_status":"closed","ping_status":"open","template":"","meta":{"inline_featured_image":false,"footnotes":""},"class_list":["post-38","page","type-page","status-publish","hentry","post"],"_links":{"self":[{"href":"https:\/\/www.locationvacances17.fr\/WP\/wp-json\/wp\/v2\/pages\/38","targetHints":{"allow":["GET"]}}],"collection":[{"href":"https:\/\/www.locationvacances17.fr\/WP\/wp-json\/wp\/v2\/pages"}],"about":[{"href":"https:\/\/www.locationvacances17.fr\/WP\/wp-json\/wp\/v2\/types\/page"}],"author":[{"embeddable":true,"href":"https:\/\/www.locationvacances17.fr\/WP\/wp-json\/wp\/v2\/users\/1"}],"replies":[{"embeddable":true,"href":"https:\/\/www.locationvacances17.fr\/WP\/wp-json\/wp\/v2\/comments?post=38"}],"version-history":[{"count":12,"href":"https:\/\/www.locationvacances17.fr\/WP\/wp-json\/wp\/v2\/pages\/38\/revisions"}],"predecessor-version":[{"id":2208,"href":"https:\/\/www.locationvacances17.fr\/WP\/wp-json\/wp\/v2\/pages\/38\/revisions\/2208"}],"wp:attachment":[{"href":"https:\/\/www.locationvacances17.fr\/WP\/wp-json\/wp\/v2\/media?parent=38"}],"curies":[{"name":"wp","href":"https:\/\/api.w.org\/{rel}","templated":true}]}}